{"id":19,"date":"2021-12-27T16:54:57","date_gmt":"2021-12-27T15:54:57","guid":{"rendered":"https:\/\/naminonaka.com\/?page_id=19"},"modified":"2022-01-23T00:29:01","modified_gmt":"2022-01-22T23:29:01","slug":"infos","status":"publish","type":"page","link":"https:\/\/naminonaka.com\/?page_id=19","title":{"rendered":"Infos"},"content":{"rendered":"\n<figure class=\"wp-block-gallery columns-4 wp-block-gallery-1 is-layout-flex wp-block-gallery-is-layout-flex\"><ul class=\"blocks-gallery-grid\"><li class=\"blocks-gallery-item\"><figure><img loading=\"lazy\" decoding=\"async\" width=\"369\" height=\"369\" src=\"https:\/\/naminonaka.com\/wp-content\/uploads\/2022\/01\/n.gif\" alt=\"\" data-id=\"333\" data-full-url=\"https:\/\/naminonaka.com\/wp-content\/uploads\/2022\/01\/n.gif\" data-link=\"https:\/\/naminonaka.com\/?attachment_id=333\" class=\"wp-image-333\"\/><\/figure><\/li><li class=\"blocks-gallery-item\"><figure><img loading=\"lazy\" decoding=\"async\" width=\"369\" height=\"369\" src=\"https:\/\/naminonaka.com\/wp-content\/uploads\/2022\/01\/N_CARRE_TRANSPARENT_NOIR.png\" alt=\"\" data-id=\"324\" data-link=\"https:\/\/naminonaka.com\/?attachment_id=324\" class=\"wp-image-324\" srcset=\"https:\/\/naminonaka.com\/wp-content\/uploads\/2022\/01\/N_CARRE_TRANSPARENT_NOIR.png 369w, https:\/\/naminonaka.com\/wp-content\/uploads\/2022\/01\/N_CARRE_TRANSPARENT_NOIR-300x300.png 300w, https:\/\/naminonaka.com\/wp-content\/uploads\/2022\/01\/N_CARRE_TRANSPARENT_NOIR-150x150.png 150w\" sizes=\"auto, (max-width: 369px) 100vw, 369px\" \/><\/figure><\/li><li class=\"blocks-gallery-item\"><figure><img loading=\"lazy\" decoding=\"async\" width=\"369\" height=\"369\" src=\"https:\/\/naminonaka.com\/wp-content\/uploads\/2022\/01\/N_CARRE_VERT.png\" alt=\"\" data-id=\"325\" data-link=\"https:\/\/naminonaka.com\/?attachment_id=325\" class=\"wp-image-325\" srcset=\"https:\/\/naminonaka.com\/wp-content\/uploads\/2022\/01\/N_CARRE_VERT.png 369w, https:\/\/naminonaka.com\/wp-content\/uploads\/2022\/01\/N_CARRE_VERT-300x300.png 300w, https:\/\/naminonaka.com\/wp-content\/uploads\/2022\/01\/N_CARRE_VERT-150x150.png 150w\" sizes=\"auto, (max-width: 369px) 100vw, 369px\" \/><\/figure><\/li><li class=\"blocks-gallery-item\"><figure><img loading=\"lazy\" decoding=\"async\" width=\"369\" height=\"369\" src=\"https:\/\/naminonaka.com\/wp-content\/uploads\/2022\/01\/N_CARRE_NOIR.png\" alt=\"\" data-id=\"323\" data-link=\"https:\/\/naminonaka.com\/?attachment_id=323\" class=\"wp-image-323\" srcset=\"https:\/\/naminonaka.com\/wp-content\/uploads\/2022\/01\/N_CARRE_NOIR.png 369w, https:\/\/naminonaka.com\/wp-content\/uploads\/2022\/01\/N_CARRE_NOIR-300x300.png 300w, https:\/\/naminonaka.com\/wp-content\/uploads\/2022\/01\/N_CARRE_NOIR-150x150.png 150w\" sizes=\"auto, (max-width: 369px) 100vw, 369px\" \/><\/figure><\/li><\/ul><\/figure>\n\n\n\n<h2 class=\"wp-block-heading\">nami no naka ou la vague int\u00e9rieure<\/h2>\n\n\n\n<h2 class=\"wp-block-heading\">Infographiste multim\u00e9dia \u00e0 la recherche de projets audios, visuels et graphiques.<\/h2>\n\n\n\n<p class=\"has-drop-cap\">\n<div class=\"wpcf7 no-js\" id=\"wpcf7-f11-o1\" lang=\"fr-FR\" dir=\"ltr\">\n<div class=\"screen-reader-response\"><p role=\"status\" aria-live=\"polite\" aria-atomic=\"true\"><\/p> <ul><\/ul><\/div>\n<form action=\"\/index.php?rest_route=%2Fwp%2Fv2%2Fpages%2F19#wpcf7-f11-o1\" method=\"post\" class=\"wpcf7-form init\" aria-label=\"Formulaire de contact\" novalidate=\"novalidate\" data-status=\"init\">\n<div style=\"display: none;\">\n<input type=\"hidden\" name=\"_wpcf7\" value=\"11\" \/>\n<input type=\"hidden\" name=\"_wpcf7_version\" value=\"5.7.7\" \/>\n<input type=\"hidden\" name=\"_wpcf7_locale\" value=\"fr_FR\" \/>\n<input type=\"hidden\" name=\"_wpcf7_unit_tag\" value=\"wpcf7-f11-o1\" \/>\n<input type=\"hidden\" name=\"_wpcf7_container_post\" value=\"0\" \/>\n<input type=\"hidden\" name=\"_wpcf7_posted_data_hash\" value=\"\" \/>\n<\/div>\n<p><label> Votre nom<br \/>\n<span class=\"wpcf7-form-control-wrap\" data-name=\"your-name\"><input size=\"40\" class=\"wpcf7-form-control wpcf7-text wpcf7-validates-as-required\" aria-required=\"true\" aria-invalid=\"false\" value=\"\" type=\"text\" name=\"your-name\" \/><\/span> <\/label>\n<\/p>\n<p><label> Votre e-mail<br \/>\n<span class=\"wpcf7-form-control-wrap\" data-name=\"your-email\"><input size=\"40\" class=\"wpcf7-form-control wpcf7-text wpcf7-email wpcf7-validates-as-required wpcf7-validates-as-email\" aria-required=\"true\" aria-invalid=\"false\" value=\"\" type=\"email\" name=\"your-email\" \/><\/span> <\/label>\n<\/p>\n<p><label> Objet<br \/>\n<span class=\"wpcf7-form-control-wrap\" data-name=\"your-subject\"><input size=\"40\" class=\"wpcf7-form-control wpcf7-text wpcf7-validates-as-required\" aria-required=\"true\" aria-invalid=\"false\" value=\"\" type=\"text\" name=\"your-subject\" \/><\/span> <\/label>\n<\/p>\n<p><label> Votre message (facultatif)<br \/>\n<span class=\"wpcf7-form-control-wrap\" data-name=\"your-message\"><textarea cols=\"40\" rows=\"10\" class=\"wpcf7-form-control wpcf7-textarea\" aria-invalid=\"false\" name=\"your-message\"><\/textarea><\/span> <\/label>\n<\/p>\n<p><input class=\"wpcf7-form-control has-spinner wpcf7-submit\" type=\"submit\" value=\"Envoyer\" \/>\n<\/p><p style=\"display: none !important;\" class=\"akismet-fields-container\" data-prefix=\"_wpcf7_ak_\"><label>&#916;<textarea name=\"_wpcf7_ak_hp_textarea\" cols=\"45\" rows=\"8\" maxlength=\"100\"><\/textarea><\/label><input type=\"hidden\" id=\"ak_js_1\" name=\"_wpcf7_ak_js\" value=\"186\"\/><script type=\"text\/javascript\">\n\/* <![CDATA[ *\/\ndocument.getElementById( \"ak_js_1\" ).setAttribute( \"value\", ( new Date() ).getTime() );\n\/* ]]> *\/\n<\/script>\n<\/p><div class=\"wpcf7-response-output\" aria-hidden=\"true\"><\/div>\n<\/form>\n<\/div>\n<\/p>\n","protected":false},"excerpt":{"rendered":"<p>nami no naka ou la vague int\u00e9rieure Infographiste multim\u00e9dia \u00e0 la recherche de projets audios, visuels et graphiques.<\/p>\n","protected":false},"author":1,"featured_media":0,"parent":0,"menu_order":0,"comment_status":"closed","ping_status":"closed","template":"","meta":{"footnotes":""},"class_list":["post-19","page","type-page","status-publish","hentry"],"_links":{"self":[{"href":"https:\/\/naminonaka.com\/index.php?rest_route=\/wp\/v2\/pages\/19","targetHints":{"allow":["GET"]}}],"collection":[{"href":"https:\/\/naminonaka.com\/index.php?rest_route=\/wp\/v2\/pages"}],"about":[{"href":"https:\/\/naminonaka.com\/index.php?rest_route=\/wp\/v2\/types\/page"}],"author":[{"embeddable":true,"href":"https:\/\/naminonaka.com\/index.php?rest_route=\/wp\/v2\/users\/1"}],"replies":[{"embeddable":true,"href":"https:\/\/naminonaka.com\/index.php?rest_route=%2Fwp%2Fv2%2Fcomments&post=19"}],"version-history":[{"count":13,"href":"https:\/\/naminonaka.com\/index.php?rest_route=\/wp\/v2\/pages\/19\/revisions"}],"predecessor-version":[{"id":337,"href":"https:\/\/naminonaka.com\/index.php?rest_route=\/wp\/v2\/pages\/19\/revisions\/337"}],"wp:attachment":[{"href":"https:\/\/naminonaka.com\/index.php?rest_route=%2Fwp%2Fv2%2Fmedia&parent=19"}],"curies":[{"name":"wp","href":"https:\/\/api.w.org\/{rel}","templated":true}]}}