{"id":210,"date":"2021-12-29T11:19:16","date_gmt":"2021-12-29T10:19:16","guid":{"rendered":"https:\/\/naminonaka.com\/?page_id=210"},"modified":"2023-02-08T20:21:07","modified_gmt":"2023-02-08T19:21:07","slug":"videos","status":"publish","type":"page","link":"https:\/\/naminonaka.com\/?page_id=210","title":{"rendered":"Vid\u00e9os"},"content":{"rendered":"\n<h2 class=\"wp-block-heading\">Paysage sonore \u00e0 Istanbul, Be\u015fikta\u015f. Arrangement sonore avec un synth\u00e9tiseur R\u00e9alistic de Moog.<\/h2>\n\n\n\n<figure class=\"wp-block-embed is-type-video is-provider-vimeo wp-block-embed-vimeo wp-embed-aspect-16-9 wp-has-aspect-ratio\"><div class=\"wp-block-embed__wrapper\">\n<iframe loading=\"lazy\" title=\"BESIKTAS\" src=\"https:\/\/player.vimeo.com\/video\/564702761?h=69058209c5&amp;dnt=1&amp;app_id=122963\" width=\"1140\" height=\"641\" frameborder=\"0\" allow=\"autoplay; fullscreen; picture-in-picture\" allowfullscreen><\/iframe>\n<\/div><\/figure>\n\n\n\n<h2 class=\"wp-block-heading\">Improvisation au piano avec synchronisation visuelle. Random num\u00e9ro 1.<\/h2>\n\n\n\n<figure class=\"wp-block-embed is-type-video is-provider-vimeo wp-block-embed-vimeo wp-embed-aspect-16-9 wp-has-aspect-ratio\"><div class=\"wp-block-embed__wrapper\">\n<iframe loading=\"lazy\" title=\"RANDOM 001\" src=\"https:\/\/player.vimeo.com\/video\/563796225?h=4dd44d5cc0&amp;dnt=1&amp;app_id=122963\" width=\"1140\" height=\"641\" frameborder=\"0\" allow=\"autoplay; fullscreen; picture-in-picture\" allowfullscreen><\/iframe>\n<\/div><\/figure>\n\n\n\n<h2 class=\"wp-block-heading\">Improvisation au piano avec synchronisation visuelle. Random num\u00e9ro 2.<\/h2>\n\n\n\n<figure class=\"wp-block-embed is-type-video is-provider-vimeo wp-block-embed-vimeo wp-embed-aspect-16-9 wp-has-aspect-ratio\"><div class=\"wp-block-embed__wrapper\">\n<iframe loading=\"lazy\" title=\"RANDOM 002\" src=\"https:\/\/player.vimeo.com\/video\/570609938?h=a4669fc045&amp;dnt=1&amp;app_id=122963\" width=\"1140\" height=\"641\" frameborder=\"0\" allow=\"autoplay; fullscreen; picture-in-picture\" allowfullscreen><\/iframe>\n<\/div><\/figure>\n\n\n\n<h2 class=\"wp-block-heading\">Improvisation au piano avec synchronisation visuelle. Random num\u00e9ro 3.<\/h2>\n\n\n\n<figure class=\"wp-block-embed is-type-video is-provider-vimeo wp-block-embed-vimeo wp-embed-aspect-16-9 wp-has-aspect-ratio\"><div class=\"wp-block-embed__wrapper\">\n<iframe loading=\"lazy\" title=\"RANDOM 003\" src=\"https:\/\/player.vimeo.com\/video\/660972939?h=d0fe61f518&amp;dnt=1&amp;app_id=122963\" width=\"1140\" height=\"641\" frameborder=\"0\" allow=\"autoplay; fullscreen; picture-in-picture\" allowfullscreen><\/iframe>\n<\/div><\/figure>\n","protected":false},"excerpt":{"rendered":"<p>Paysage sonore \u00e0 Istanbul, Be\u015fikta\u015f. Arrangement sonore avec un synth\u00e9tiseur R\u00e9alistic de Moog. Improvisation au piano avec synchronisation visuelle. Random num\u00e9ro 1. Improvisation au piano avec synchronisation visuelle. Random num\u00e9ro 2. Improvisation au piano avec synchronisation visuelle. Random num\u00e9ro 3.<\/p>\n","protected":false},"author":1,"featured_media":0,"parent":0,"menu_order":0,"comment_status":"closed","ping_status":"closed","template":"","meta":{"footnotes":""},"class_list":["post-210","page","type-page","status-publish","hentry"],"_links":{"self":[{"href":"https:\/\/naminonaka.com\/index.php?rest_route=\/wp\/v2\/pages\/210","targetHints":{"allow":["GET"]}}],"collection":[{"href":"https:\/\/naminonaka.com\/index.php?rest_route=\/wp\/v2\/pages"}],"about":[{"href":"https:\/\/naminonaka.com\/index.php?rest_route=\/wp\/v2\/types\/page"}],"author":[{"embeddable":true,"href":"https:\/\/naminonaka.com\/index.php?rest_route=\/wp\/v2\/users\/1"}],"replies":[{"embeddable":true,"href":"https:\/\/naminonaka.com\/index.php?rest_route=%2Fwp%2Fv2%2Fcomments&post=210"}],"version-history":[{"count":4,"href":"https:\/\/naminonaka.com\/index.php?rest_route=\/wp\/v2\/pages\/210\/revisions"}],"predecessor-version":[{"id":356,"href":"https:\/\/naminonaka.com\/index.php?rest_route=\/wp\/v2\/pages\/210\/revisions\/356"}],"wp:attachment":[{"href":"https:\/\/naminonaka.com\/index.php?rest_route=%2Fwp%2Fv2%2Fmedia&parent=210"}],"curies":[{"name":"wp","href":"https:\/\/api.w.org\/{rel}","templated":true}]}}